{"id":2587,"date":"2024-05-15T18:37:30","date_gmt":"2024-05-15T18:37:30","guid":{"rendered":"https:\/\/3s-consulting.org\/mentions-legales"},"modified":"2024-05-15T19:07:31","modified_gmt":"2024-05-15T19:07:31","slug":"mentions-legales","status":"publish","type":"page","link":"https:\/\/3s-consulting.org\/fr\/mentions-legales","title":{"rendered":"Mentions l\u00e9gales"},"content":{"rendered":"\t\t<div data-elementor-type=\"wp-page\" data-elementor-id=\"2587\" class=\"elementor elementor-2587 elementor-2571\" data-elementor-post-type=\"page\">\n\t\t\t\t<div class=\"elementor-element elementor-element-c214871 e-flex e-con-boxed e-con e-parent\" data-id=\"c214871\" data-element_type=\"container\">\n\t\t\t\t\t<div class=\"e-con-inner\">\n\t\t\t\t<div class=\"elementor-element elementor-element-5018152 elementor-widget elementor-widget-heading\" data-id=\"5018152\" data-element_type=\"widget\" data-widget_type=\"heading.default\">\n\t\t\t\t<div class=\"elementor-widget-container\">\n\t\t\t<style>\/*! elementor - v3.21.0 - 26-05-2024 *\/\n.elementor-heading-title{padding:0;margin:0;line-height:1}.elementor-widget-heading .elementor-heading-title[class*=elementor-size-]>a{color:inherit;font-size:inherit;line-height:inherit}.elementor-widget-heading .elementor-heading-title.elementor-size-small{font-size:15px}.elementor-widget-heading .elementor-heading-title.elementor-size-medium{font-size:19px}.elementor-widget-heading .elementor-heading-title.elementor-size-large{font-size:29px}.elementor-widget-heading .elementor-heading-title.elementor-size-xl{font-size:39px}.elementor-widget-heading .elementor-heading-title.elementor-size-xxl{font-size:59px}<\/style><h2 class=\"elementor-heading-title elementor-size-default\">Mentions l\u00e9gales<\/h2>\t\t<\/div>\n\t\t\t\t<\/div>\n\t\t\t\t<div class=\"elementor-element elementor-element-472c54d elementor-widget elementor-widget-text-editor\" data-id=\"472c54d\" data-element_type=\"widget\" data-widget_type=\"text-editor.default\">\n\t\t\t\t<div class=\"elementor-widget-container\">\n\t\t\t<style>\/*! elementor - v3.21.0 - 26-05-2024 *\/\n.elementor-widget-text-editor.elementor-drop-cap-view-stacked .elementor-drop-cap{background-color:#69727d;color:#fff}.elementor-widget-text-editor.elementor-drop-cap-view-framed .elementor-drop-cap{color:#69727d;border:3px solid;background-color:transparent}.elementor-widget-text-editor:not(.elementor-drop-cap-view-default) .elementor-drop-cap{margin-top:8px}.elementor-widget-text-editor:not(.elementor-drop-cap-view-default) .elementor-drop-cap-letter{width:1em;height:1em}.elementor-widget-text-editor .elementor-drop-cap{float:left;text-align:center;line-height:1;font-size:50px}.elementor-widget-text-editor .elementor-drop-cap-letter{display:inline-block}<\/style>\t\t\t\t<p>Soci\u00e9t\u00e9 : <strong>3S-Consulting 4 Life &amp; Business<\/strong><br \/>Propri\u00e9taire\/g\u00e9rant : <strong>Pierre Celestin, Engama \u00e0 Bediang<\/strong><br \/>Adresse : <strong>Mellenerstrasse 8, 12305 Berlin, Allemagne<\/strong><br \/>T\u00e9l\u00e9phone : <strong>+49(0)15207667355<\/strong><br \/>Courrier \u00e9lectronique : <strong>contact@3s-consulting.org<\/strong><br \/>Site web : <strong>www.3s-consulting.org<\/strong><br \/>Num\u00e9ro d&#8217;identification de la taxe sur le chiffre d&#8217;affaires : <strong>21\/277\/00249<\/strong><\/p>\n<p><strong>Informations sur les prix, les frais d&#8217;exp\u00e9dition et de livraison des produits de 3S-Consulting :<\/strong><\/p>\n<p><strong>Les prix<\/strong>: Les prix de nos produits varient en fonction du type de produit et des exigences sp\u00e9cifiques du client. Veuillez consulter notre site web ou nous contacter directement pour obtenir des informations actualis\u00e9es sur les prix.<\/p>\n<p><strong>Frais de livraison<\/strong>: les frais de livraison d\u00e9pendent de plusieurs facteurs, notamment la destination de la livraison, le poids et la taille du colis, ainsi que la m\u00e9thode de livraison choisie. Les frais de livraison exacts sont calcul\u00e9s et affich\u00e9s pendant le processus de commande.<br \/>Informations sur la livraison : Le d\u00e9lai de livraison de nos produits peut varier en fonction de leur disponibilit\u00e9. Nous nous effor\u00e7ons de traiter et d&#8217;exp\u00e9dier votre commande le plus rapidement possible. Le d\u00e9lai de livraison estim\u00e9 vous sera communiqu\u00e9 au cours du processus de commande. Veuillez noter que des retards de livraison peuvent survenir en raison de circonstances impr\u00e9vues pour lesquelles 3S-Consulting n&#8217;est pas responsable.<\/p>\n<p>N&#8217;h\u00e9sitez pas \u00e0 nous contacter pour plus d&#8217;informations sur les prix, les frais de port et les d\u00e9lais de livraison. Veuillez nous contacter \u00e0 l&#8217;adresse <strong>contact@3s-consulting.org.<\/strong><\/p>\n\t\t\t\t\t\t<\/div>\n\t\t\t\t<\/div>\n\t\t\t\t\t<\/div>\n\t\t\t\t<\/div>\n\t\t\t\t<\/div>\n\t\t","protected":false},"excerpt":{"rendered":"<p>Soci\u00e9t\u00e9 : 3S-Consulting 4 Life &amp; BusinessPropri\u00e9taire\/g\u00e9rant : Pierre Celestin, Engama \u00e0 BediangAdresse : Mellenerstrasse 8, 12305 Berlin, AllemagneT\u00e9l\u00e9phone : +49(0)15207667355Courrier \u00e9lectronique : contact@3s-consulting.orgSite web : www.3s-consulting.orgNum\u00e9ro d&#8217;identification de la taxe sur le chiffre d&#8217;affaires : 21\/277\/00249 Informations sur les prix, les frais d&#8217;exp\u00e9dition et de livraison des produits de 3S-Consulting : Les prix: Les [&hellip;]<\/p>\n","protected":false},"author":1,"featured_media":0,"parent":0,"menu_order":0,"comment_status":"closed","ping_status":"closed","template":"","meta":{"_acf_changed":false,"footnotes":""},"class_list":["post-2587","page","type-page","status-publish","hentry"],"acf":[],"_links":{"self":[{"href":"https:\/\/3s-consulting.org\/fr\/wp-json\/wp\/v2\/pages\/2587","targetHints":{"allow":["GET"]}}],"collection":[{"href":"https:\/\/3s-consulting.org\/fr\/wp-json\/wp\/v2\/pages"}],"about":[{"href":"https:\/\/3s-consulting.org\/fr\/wp-json\/wp\/v2\/types\/page"}],"author":[{"embeddable":true,"href":"https:\/\/3s-consulting.org\/fr\/wp-json\/wp\/v2\/users\/1"}],"replies":[{"embeddable":true,"href":"https:\/\/3s-consulting.org\/fr\/wp-json\/wp\/v2\/comments?post=2587"}],"version-history":[{"count":1,"href":"https:\/\/3s-consulting.org\/fr\/wp-json\/wp\/v2\/pages\/2587\/revisions"}],"predecessor-version":[{"id":2588,"href":"https:\/\/3s-consulting.org\/fr\/wp-json\/wp\/v2\/pages\/2587\/revisions\/2588"}],"wp:attachment":[{"href":"https:\/\/3s-consulting.org\/fr\/wp-json\/wp\/v2\/media?parent=2587"}],"curies":[{"name":"wp","href":"https:\/\/api.w.org\/{rel}","templated":true}]}}