{"id":2400,"date":"2024-02-27T13:07:54","date_gmt":"2024-02-27T13:07:54","guid":{"rendered":"https:\/\/3s-consulting.org\/ateliers"},"modified":"2024-04-25T22:16:53","modified_gmt":"2024-04-25T22:16:53","slug":"ateliers","status":"publish","type":"page","link":"https:\/\/3s-consulting.org\/fr\/ateliers","title":{"rendered":"Ateliers"},"content":{"rendered":"\t\t<div data-elementor-type=\"wp-page\" data-elementor-id=\"2400\" class=\"elementor elementor-2400 elementor-138\" data-elementor-post-type=\"page\">\n\t\t\t\t<div class=\"elementor-element elementor-element-3a0880e e-flex e-con-boxed e-con e-parent\" data-id=\"3a0880e\" data-element_type=\"container\">\n\t\t\t\t\t<div class=\"e-con-inner\">\n\t\t<div class=\"elementor-element elementor-element-8d8b43e e-con-full e-flex e-con e-child\" data-id=\"8d8b43e\" data-element_type=\"container\">\n\t\t\t\t<div class=\"elementor-element elementor-element-121855a elementor-widget elementor-widget-heading\" data-id=\"121855a\" data-element_type=\"widget\" data-widget_type=\"heading.default\">\n\t\t\t\t<div class=\"elementor-widget-container\">\n\t\t\t<style>\/*! elementor - v3.21.0 - 26-05-2024 *\/\n.elementor-heading-title{padding:0;margin:0;line-height:1}.elementor-widget-heading .elementor-heading-title[class*=elementor-size-]>a{color:inherit;font-size:inherit;line-height:inherit}.elementor-widget-heading .elementor-heading-title.elementor-size-small{font-size:15px}.elementor-widget-heading .elementor-heading-title.elementor-size-medium{font-size:19px}.elementor-widget-heading .elementor-heading-title.elementor-size-large{font-size:29px}.elementor-widget-heading .elementor-heading-title.elementor-size-xl{font-size:39px}.elementor-widget-heading .elementor-heading-title.elementor-size-xxl{font-size:59px}<\/style><h2 class=\"elementor-heading-title elementor-size-default\">\nAteliers<\/h2>\t\t<\/div>\n\t\t\t\t<\/div>\n\t\t\t\t<div class=\"elementor-element elementor-element-a8f6b81 elementor-widget elementor-widget-text-editor\" data-id=\"a8f6b81\" data-element_type=\"widget\" data-widget_type=\"text-editor.default\">\n\t\t\t\t<div class=\"elementor-widget-container\">\n\t\t\t<style>\/*! elementor - v3.21.0 - 26-05-2024 *\/\n.elementor-widget-text-editor.elementor-drop-cap-view-stacked .elementor-drop-cap{background-color:#69727d;color:#fff}.elementor-widget-text-editor.elementor-drop-cap-view-framed .elementor-drop-cap{color:#69727d;border:3px solid;background-color:transparent}.elementor-widget-text-editor:not(.elementor-drop-cap-view-default) .elementor-drop-cap{margin-top:8px}.elementor-widget-text-editor:not(.elementor-drop-cap-view-default) .elementor-drop-cap-letter{width:1em;height:1em}.elementor-widget-text-editor .elementor-drop-cap{float:left;text-align:center;line-height:1;font-size:50px}.elementor-widget-text-editor .elementor-drop-cap-letter{display:inline-block}<\/style>\t\t\t\t<p>Chez 3S-Consulting, nous proposons une gamme vari\u00e9e d&#8217;ateliers \u00e0 des prix \u00e9quitables, sp\u00e9cialement con\u00e7us pour renforcer et soutenir les organisations, les \u00e9quipes et les dirigeants dans diff\u00e9rents domaines cl\u00e9s.<\/p>\n<p>Nos ateliers couvrent un large <strong>\u00e9ventail de sujets<\/strong>, notamment<\/p>\n<p>#Change Management #Team Building #Konfliktl\u00f6sung #Rassismus #Soft Skills #Soziale Kompetenzen #Diversity #Kommunikation #Leadership Development<\/p>\n\t\t\t\t\t\t<\/div>\n\t\t\t\t<\/div>\n\t\t\t\t<div class=\"elementor-element elementor-element-8543ae3 elementor-widget elementor-widget-button\" data-id=\"8543ae3\" data-element_type=\"widget\" data-widget_type=\"button.default\">\n\t\t\t\t<div class=\"elementor-widget-container\">\n\t\t\t\t\t<div class=\"elementor-button-wrapper\">\n\t\t\t<a class=\"elementor-button elementor-button-link elementor-size-sm\" href=\"https:\/\/3s-consulting.org\/trainings#kontakt-training\">\n\t\t\t\t\t\t<span class=\"elementor-button-content-wrapper\">\n\t\t\t\t\t\t\t\t\t<span class=\"elementor-button-text\">\u00c9crivez-nous  <\/span>\n\t\t\t\t\t<\/span>\n\t\t\t\t\t<\/a>\n\t\t<\/div>\n\t\t\t\t<\/div>\n\t\t\t\t<\/div>\n\t\t\t\t<\/div>\n\t\t<div class=\"elementor-element elementor-element-ee11c0f e-con-full e-flex e-con e-child\" data-id=\"ee11c0f\" data-element_type=\"container\">\n\t\t\t\t<div class=\"elementor-element elementor-element-3f61f5e elementor-widget elementor-widget-image\" data-id=\"3f61f5e\" data-element_type=\"widget\" data-widget_type=\"image.default\">\n\t\t\t\t<div class=\"elementor-widget-container\">\n\t\t\t<style>\/*! elementor - v3.21.0 - 26-05-2024 *\/\n.elementor-widget-image{text-align:center}.elementor-widget-image a{display:inline-block}.elementor-widget-image a img[src$=\".svg\"]{width:48px}.elementor-widget-image img{vertical-align:middle;display:inline-block}<\/style>\t\t\t\t\t\t\t\t\t\t<img fetchpriority=\"high\" decoding=\"async\" width=\"480\" height=\"640\" src=\"https:\/\/3s-consulting.org\/wp-content\/uploads\/2024\/03\/image0.jpeg\" class=\"attachment-large size-large wp-image-830\" alt=\"\" srcset=\"https:\/\/3s-consulting.org\/wp-content\/uploads\/2024\/03\/image0.jpeg 480w, https:\/\/3s-consulting.org\/wp-content\/uploads\/2024\/03\/image0-225x300.jpeg 225w\" sizes=\"(max-width: 480px) 100vw, 480px\" \/>\t\t\t\t\t\t\t\t\t\t\t\t\t<\/div>\n\t\t\t\t<\/div>\n\t\t\t\t<\/div>\n\t\t\t\t\t<\/div>\n\t\t\t\t<\/div>\n\t\t<div class=\"elementor-element elementor-element-de6daab e-flex e-con-boxed e-con e-parent\" data-id=\"de6daab\" data-element_type=\"container\" data-settings=\"{&quot;background_background&quot;:&quot;classic&quot;}\">\n\t\t\t\t\t<div class=\"e-con-inner\">\n\t\t<div class=\"elementor-element elementor-element-46cea60 e-con-full e-flex e-con e-child\" data-id=\"46cea60\" data-element_type=\"container\">\n\t\t\t\t<div class=\"elementor-element elementor-element-cc1670f elementor-widget elementor-widget-heading\" data-id=\"cc1670f\" data-element_type=\"widget\" data-widget_type=\"heading.default\">\n\t\t\t\t<div class=\"elementor-widget-container\">\n\t\t\t<h2 class=\"elementor-heading-title elementor-size-default\">\nAvantages de nos ateliers<\/h2>\t\t<\/div>\n\t\t\t\t<\/div>\n\t\t\t\t<div class=\"elementor-element elementor-element-ebc04a2 elementor-widget elementor-widget-text-editor\" data-id=\"ebc04a2\" data-element_type=\"widget\" data-widget_type=\"text-editor.default\">\n\t\t\t\t<div class=\"elementor-widget-container\">\n\t\t\t\t\t\t\t<p>Lorem ipsum dolor sit amet, consectetur adipiscing elit. Ut elit tellus, luctus nec ullamcorper mattis, pulvinar dapibus leo.<\/p>\t\t\t\t\t\t<\/div>\n\t\t\t\t<\/div>\n\t\t\t\t<\/div>\n\t\t<div class=\"elementor-element elementor-element-15c955b animated-slow e-flex e-con-boxed elementor-invisible e-con e-child\" data-id=\"15c955b\" data-element_type=\"container\" data-settings=\"{&quot;animation&quot;:&quot;slideInLeft&quot;,&quot;background_background&quot;:&quot;classic&quot;}\">\n\t\t\t\t\t<div class=\"e-con-inner\">\n\t\t\t\t<div class=\"elementor-element elementor-element-e6abe69 elementor-widget elementor-widget-heading\" data-id=\"e6abe69\" data-element_type=\"widget\" data-widget_type=\"heading.default\">\n\t\t\t\t<div class=\"elementor-widget-container\">\n\t\t\t<h2 class=\"elementor-heading-title elementor-size-default\">Croissance et d\u00e9veloppement<\/h2>\t\t<\/div>\n\t\t\t\t<\/div>\n\t\t\t\t<div class=\"elementor-element elementor-element-286067f elementor-widget elementor-widget-text-editor\" data-id=\"286067f\" data-element_type=\"widget\" data-widget_type=\"text-editor.default\">\n\t\t\t\t<div class=\"elementor-widget-container\">\n\t\t\t\t\t\t\t<p>La participation \u00e0 nos ateliers offre de nombreux avantages. Elle permet aux participants d&#8217;\u00e9largir leurs connaissances et leurs comp\u00e9tences dans les domaines concern\u00e9s, d&#8217;apprendre et de mettre en pratique des strat\u00e9gies et des techniques efficaces et d&#8217;acqu\u00e9rir un aper\u00e7u et une perspective pr\u00e9cieux. De plus, nos ateliers interactifs favorisent la collaboration, l&#8217;\u00e9change d&#8217;id\u00e9es et le travail d&#8217;\u00e9quipe, ce qui am\u00e9liore la performance et l&#8217;efficacit\u00e9 de votre organisation ou de votre \u00e9quipe.<\/p>\n\t\t\t\t\t\t<\/div>\n\t\t\t\t<\/div>\n\t\t\t\t\t<\/div>\n\t\t\t\t<\/div>\n\t\t<div class=\"elementor-element elementor-element-32d49bd e-flex e-con-boxed e-con e-child\" data-id=\"32d49bd\" data-element_type=\"container\">\n\t\t\t\t\t<div class=\"e-con-inner\">\n\t\t<div class=\"elementor-element elementor-element-549ee64 e-flex e-con-boxed e-con e-child\" data-id=\"549ee64\" data-element_type=\"container\">\n\t\t\t\t\t<div class=\"e-con-inner\">\n\t\t<div class=\"elementor-element elementor-element-4d13af7 animated-slow e-flex e-con-boxed elementor-invisible e-con e-child\" data-id=\"4d13af7\" data-element_type=\"container\" data-settings=\"{&quot;animation&quot;:&quot;slideInLeft&quot;,&quot;background_background&quot;:&quot;classic&quot;}\">\n\t\t\t\t\t<div class=\"e-con-inner\">\n\t\t\t\t<div class=\"elementor-element elementor-element-aad713b elementor-view-stacked elementor-shape-circle elementor-widget elementor-widget-icon\" data-id=\"aad713b\" data-element_type=\"widget\" data-widget_type=\"icon.default\">\n\t\t\t\t<div class=\"elementor-widget-container\">\n\t\t\t\t\t<div class=\"elementor-icon-wrapper\">\n\t\t\t<div class=\"elementor-icon\">\n\t\t\t<svg aria-hidden=\"true\" class=\"e-font-icon-svg e-fas-star\" viewBox=\"0 0 576 512\" xmlns=\"http:\/\/www.w3.org\/2000\/svg\"><path d=\"M259.3 17.8L194 150.2 47.9 171.5c-26.2 3.8-36.7 36.1-17.7 54.6l105.7 103-25 145.5c-4.5 26.3 23.2 46 46.4 33.7L288 439.6l130.7 68.7c23.2 12.2 50.9-7.4 46.4-33.7l-25-145.5 105.7-103c19-18.5 8.5-50.8-17.7-54.6L382 150.2 316.7 17.8c-11.7-23.6-45.6-23.9-57.4 0z\"><\/path><\/svg>\t\t\t<\/div>\n\t\t<\/div>\n\t\t\t\t<\/div>\n\t\t\t\t<\/div>\n\t\t\t\t<div class=\"elementor-element elementor-element-a221477 elementor-widget elementor-widget-heading\" data-id=\"a221477\" data-element_type=\"widget\" data-widget_type=\"heading.default\">\n\t\t\t\t<div class=\"elementor-widget-container\">\n\t\t\t<h2 class=\"elementor-heading-title elementor-size-default\">L'exp\u00e9rience rencontre la pratique<\/h2>\t\t<\/div>\n\t\t\t\t<\/div>\n\t\t\t\t<div class=\"elementor-element elementor-element-c890774 elementor-widget elementor-widget-text-editor\" data-id=\"c890774\" data-element_type=\"widget\" data-widget_type=\"text-editor.default\">\n\t\t\t\t<div class=\"elementor-widget-container\">\n\t\t\t\t\t\t\t<p>Nos ateliers sont anim\u00e9s par des formateurs et des consultants exp\u00e9riment\u00e9s qui disposent non seulement d&#8217;une grande expertise, mais aussi d&#8217;une exp\u00e9rience pratique dans leurs domaines respectifs. Ils sont sp\u00e9cialis\u00e9s dans la conception d&#8217;ateliers interactifs et pratiques qui offrent aux participants une occasion id\u00e9ale d&#8217;apprendre et de d\u00e9velopper de nouvelles comp\u00e9tences.<\/p>\n\t\t\t\t\t\t<\/div>\n\t\t\t\t<\/div>\n\t\t\t\t\t<\/div>\n\t\t\t\t<\/div>\n\t\t\t\t\t<\/div>\n\t\t\t\t<\/div>\n\t\t<div class=\"elementor-element elementor-element-26cba3d e-flex e-con-boxed e-con e-child\" data-id=\"26cba3d\" data-element_type=\"container\">\n\t\t\t\t\t<div class=\"e-con-inner\">\n\t\t<div class=\"elementor-element elementor-element-be94e65 animated-slow e-flex e-con-boxed elementor-invisible e-con e-child\" data-id=\"be94e65\" data-element_type=\"container\" data-settings=\"{&quot;animation&quot;:&quot;slideInLeft&quot;,&quot;background_background&quot;:&quot;classic&quot;}\">\n\t\t\t\t\t<div class=\"e-con-inner\">\n\t\t\t\t<div class=\"elementor-element elementor-element-519f7f6 elementor-view-stacked elementor-shape-circle elementor-widget elementor-widget-icon\" data-id=\"519f7f6\" data-element_type=\"widget\" data-widget_type=\"icon.default\">\n\t\t\t\t<div class=\"elementor-widget-container\">\n\t\t\t\t\t<div class=\"elementor-icon-wrapper\">\n\t\t\t<div class=\"elementor-icon\">\n\t\t\t<svg aria-hidden=\"true\" class=\"e-font-icon-svg e-fas-star\" viewBox=\"0 0 576 512\" xmlns=\"http:\/\/www.w3.org\/2000\/svg\"><path d=\"M259.3 17.8L194 150.2 47.9 171.5c-26.2 3.8-36.7 36.1-17.7 54.6l105.7 103-25 145.5c-4.5 26.3 23.2 46 46.4 33.7L288 439.6l130.7 68.7c23.2 12.2 50.9-7.4 46.4-33.7l-25-145.5 105.7-103c19-18.5 8.5-50.8-17.7-54.6L382 150.2 316.7 17.8c-11.7-23.6-45.6-23.9-57.4 0z\"><\/path><\/svg>\t\t\t<\/div>\n\t\t<\/div>\n\t\t\t\t<\/div>\n\t\t\t\t<\/div>\n\t\t\t\t<div class=\"elementor-element elementor-element-be8ca09 elementor-widget elementor-widget-heading\" data-id=\"be8ca09\" data-element_type=\"widget\" data-widget_type=\"heading.default\">\n\t\t\t\t<div class=\"elementor-widget-container\">\n\t\t\t<h2 class=\"elementor-heading-title elementor-size-default\">Adapt\u00e9 \u00e0 vos besoins<\/h2>\t\t<\/div>\n\t\t\t\t<\/div>\n\t\t\t\t<div class=\"elementor-element elementor-element-b5cdb83 elementor-widget elementor-widget-text-editor\" data-id=\"b5cdb83\" data-element_type=\"widget\" data-widget_type=\"text-editor.default\">\n\t\t\t\t<div class=\"elementor-widget-container\">\n\t\t\t\t\t\t\t<p>Nos formats d&#8217;ateliers flexibles nous permettent de proposer des \u00e9v\u00e9nements en ligne et sur site afin de r\u00e9pondre aux besoins individuels de nos clients. Cela vous permet de participer \u00e0 nos ateliers dans le plus grand confort, quel que soit l&#8217;endroit o\u00f9 vous vous trouvez ou votre emploi du temps.<\/p>\n\t\t\t\t\t\t<\/div>\n\t\t\t\t<\/div>\n\t\t\t\t\t<\/div>\n\t\t\t\t<\/div>\n\t\t\t\t\t<\/div>\n\t\t\t\t<\/div>\n\t\t\t\t\t<\/div>\n\t\t\t\t<\/div>\n\t\t<div class=\"elementor-element elementor-element-9f50b8f animated-slow e-flex e-con-boxed elementor-invisible e-con e-child\" data-id=\"9f50b8f\" data-element_type=\"container\" data-settings=\"{&quot;animation&quot;:&quot;slideInLeft&quot;,&quot;background_background&quot;:&quot;classic&quot;}\">\n\t\t\t\t\t<div class=\"e-con-inner\">\n\t\t\t\t<div class=\"elementor-element elementor-element-a44ff00 elementor-view-stacked elementor-shape-circle elementor-widget elementor-widget-icon\" data-id=\"a44ff00\" data-element_type=\"widget\" data-widget_type=\"icon.default\">\n\t\t\t\t<div class=\"elementor-widget-container\">\n\t\t\t\t\t<div class=\"elementor-icon-wrapper\">\n\t\t\t<div class=\"elementor-icon\">\n\t\t\t<svg aria-hidden=\"true\" class=\"e-font-icon-svg e-fas-star\" viewBox=\"0 0 576 512\" xmlns=\"http:\/\/www.w3.org\/2000\/svg\"><path d=\"M259.3 17.8L194 150.2 47.9 171.5c-26.2 3.8-36.7 36.1-17.7 54.6l105.7 103-25 145.5c-4.5 26.3 23.2 46 46.4 33.7L288 439.6l130.7 68.7c23.2 12.2 50.9-7.4 46.4-33.7l-25-145.5 105.7-103c19-18.5 8.5-50.8-17.7-54.6L382 150.2 316.7 17.8c-11.7-23.6-45.6-23.9-57.4 0z\"><\/path><\/svg>\t\t\t<\/div>\n\t\t<\/div>\n\t\t\t\t<\/div>\n\t\t\t\t<\/div>\n\t\t\t\t<div class=\"elementor-element elementor-element-9cd368f elementor-widget elementor-widget-heading\" data-id=\"9cd368f\" data-element_type=\"widget\" data-widget_type=\"heading.default\">\n\t\t\t\t<div class=\"elementor-widget-container\">\n\t\t\t<h2 class=\"elementor-heading-title elementor-size-default\">L'exp\u00e9rience rencontre la pratique<\/h2>\t\t<\/div>\n\t\t\t\t<\/div>\n\t\t\t\t<div class=\"elementor-element elementor-element-1c5b502 elementor-widget elementor-widget-text-editor\" data-id=\"1c5b502\" data-element_type=\"widget\" data-widget_type=\"text-editor.default\">\n\t\t\t\t<div class=\"elementor-widget-container\">\n\t\t\t\t\t\t\t<p>Nos ateliers sont anim\u00e9s par des formateurs et des consultants exp\u00e9riment\u00e9s qui disposent non seulement d&#8217;une grande expertise, mais aussi d&#8217;une exp\u00e9rience pratique dans leurs domaines respectifs. Ils sont sp\u00e9cialis\u00e9s dans la conception d&#8217;ateliers interactifs et pratiques qui offrent aux participants une occasion id\u00e9ale d&#8217;apprendre et de d\u00e9velopper de nouvelles comp\u00e9tences.<\/p>\n\t\t\t\t\t\t<\/div>\n\t\t\t\t<\/div>\n\t\t\t\t\t<\/div>\n\t\t\t\t<\/div>\n\t\t\t\t\t<\/div>\n\t\t\t\t<\/div>\n\t\t\t\t<\/div>\n\t\t","protected":false},"excerpt":{"rendered":"<p>Ateliers Chez 3S-Consulting, nous proposons une gamme vari\u00e9e d&#8217;ateliers \u00e0 des prix \u00e9quitables, sp\u00e9cialement con\u00e7us pour renforcer et soutenir les organisations, les \u00e9quipes et les dirigeants dans diff\u00e9rents domaines cl\u00e9s. Nos ateliers couvrent un large \u00e9ventail de sujets, notamment #Change Management #Team Building #Konfliktl\u00f6sung #Rassismus #Soft Skills #Soziale Kompetenzen #Diversity #Kommunikation #Leadership Development \u00c9crivez-nous Avantages [&hellip;]<\/p>\n","protected":false},"author":1,"featured_media":0,"parent":0,"menu_order":0,"comment_status":"closed","ping_status":"closed","template":"","meta":{"_acf_changed":false,"footnotes":""},"class_list":["post-2400","page","type-page","status-publish","hentry"],"acf":[],"_links":{"self":[{"href":"https:\/\/3s-consulting.org\/fr\/wp-json\/wp\/v2\/pages\/2400","targetHints":{"allow":["GET"]}}],"collection":[{"href":"https:\/\/3s-consulting.org\/fr\/wp-json\/wp\/v2\/pages"}],"about":[{"href":"https:\/\/3s-consulting.org\/fr\/wp-json\/wp\/v2\/types\/page"}],"author":[{"embeddable":true,"href":"https:\/\/3s-consulting.org\/fr\/wp-json\/wp\/v2\/users\/1"}],"replies":[{"embeddable":true,"href":"https:\/\/3s-consulting.org\/fr\/wp-json\/wp\/v2\/comments?post=2400"}],"version-history":[{"count":1,"href":"https:\/\/3s-consulting.org\/fr\/wp-json\/wp\/v2\/pages\/2400\/revisions"}],"predecessor-version":[{"id":2409,"href":"https:\/\/3s-consulting.org\/fr\/wp-json\/wp\/v2\/pages\/2400\/revisions\/2409"}],"wp:attachment":[{"href":"https:\/\/3s-consulting.org\/fr\/wp-json\/wp\/v2\/media?parent=2400"}],"curies":[{"name":"wp","href":"https:\/\/api.w.org\/{rel}","templated":true}]}}