{"id":2304,"date":"2024-02-27T13:01:41","date_gmt":"2024-02-27T13:01:41","guid":{"rendered":"https:\/\/3s-consulting.org\/coaching"},"modified":"2024-06-11T07:31:20","modified_gmt":"2024-06-11T07:31:20","slug":"coaching","status":"publish","type":"page","link":"https:\/\/3s-consulting.org\/fr\/coaching","title":{"rendered":"Coaching"},"content":{"rendered":"\t\t<div data-elementor-type=\"wp-page\" data-elementor-id=\"2304\" class=\"elementor elementor-2304 elementor-114\" data-elementor-post-type=\"page\">\n\t\t\t\t<div class=\"elementor-element elementor-element-f49c931 e-con-full e-flex e-con e-parent\" data-id=\"f49c931\" data-element_type=\"container\">\n\t\t<div class=\"elementor-element elementor-element-b598498 e-con-full e-flex e-con e-child\" data-id=\"b598498\" data-element_type=\"container\">\n\t\t<div class=\"elementor-element elementor-element-265767f e-flex e-con-boxed e-con e-child\" data-id=\"265767f\" data-element_type=\"container\">\n\t\t\t\t\t<div class=\"e-con-inner\">\n\t\t\t\t<div class=\"elementor-element elementor-element-fda8e09 elementor-widget elementor-widget-image\" data-id=\"fda8e09\" data-element_type=\"widget\" data-widget_type=\"image.default\">\n\t\t\t\t<div class=\"elementor-widget-container\">\n\t\t\t<style>\/*! elementor - v3.21.0 - 26-05-2024 *\/\n.elementor-widget-image{text-align:center}.elementor-widget-image a{display:inline-block}.elementor-widget-image a img[src$=\".svg\"]{width:48px}.elementor-widget-image img{vertical-align:middle;display:inline-block}<\/style>\t\t\t\t\t\t\t\t\t\t<img fetchpriority=\"high\" decoding=\"async\" width=\"768\" height=\"513\" src=\"https:\/\/3s-consulting.org\/wp-content\/uploads\/2024\/02\/two-human-outlines-against-shuttered-office-window-sitting-opposite-each-other-negotiating-768x513.jpg\" class=\"attachment-medium_large size-medium_large wp-image-29\" alt=\"\" srcset=\"https:\/\/3s-consulting.org\/wp-content\/uploads\/2024\/02\/two-human-outlines-against-shuttered-office-window-sitting-opposite-each-other-negotiating-768x513.jpg 768w, https:\/\/3s-consulting.org\/wp-content\/uploads\/2024\/02\/two-human-outlines-against-shuttered-office-window-sitting-opposite-each-other-negotiating-600x400.jpg 600w, https:\/\/3s-consulting.org\/wp-content\/uploads\/2024\/02\/two-human-outlines-against-shuttered-office-window-sitting-opposite-each-other-negotiating-300x200.jpg 300w, https:\/\/3s-consulting.org\/wp-content\/uploads\/2024\/02\/two-human-outlines-against-shuttered-office-window-sitting-opposite-each-other-negotiating-1024x683.jpg 1024w, https:\/\/3s-consulting.org\/wp-content\/uploads\/2024\/02\/two-human-outlines-against-shuttered-office-window-sitting-opposite-each-other-negotiating.jpg 1500w\" sizes=\"(max-width: 768px) 100vw, 768px\" \/>\t\t\t\t\t\t\t\t\t\t\t\t\t<\/div>\n\t\t\t\t<\/div>\n\t\t\t\t\t<\/div>\n\t\t\t\t<\/div>\n\t\t<div class=\"elementor-element elementor-element-879636f elementor-hidden-mobile e-flex e-con-boxed e-con e-child\" data-id=\"879636f\" data-element_type=\"container\" data-settings=\"{&quot;background_background&quot;:&quot;classic&quot;}\">\n\t\t\t\t\t<div class=\"e-con-inner\">\n\t\t\t\t\t<\/div>\n\t\t\t\t<\/div>\n\t\t\t\t<\/div>\n\t\t<div class=\"elementor-element elementor-element-1a268b6 e-flex e-con-boxed e-con e-child\" data-id=\"1a268b6\" data-element_type=\"container\">\n\t\t\t\t\t<div class=\"e-con-inner\">\n\t\t<div class=\"elementor-element elementor-element-96bbe71 e-con-full e-flex e-con e-child\" data-id=\"96bbe71\" data-element_type=\"container\" data-settings=\"{&quot;background_background&quot;:&quot;classic&quot;}\">\n\t\t\t\t<div class=\"elementor-element elementor-element-414df27 elementor-widget elementor-widget-heading\" data-id=\"414df27\" data-element_type=\"widget\" data-widget_type=\"heading.default\">\n\t\t\t\t<div class=\"elementor-widget-container\">\n\t\t\t<style>\/*! elementor - v3.21.0 - 26-05-2024 *\/\n.elementor-heading-title{padding:0;margin:0;line-height:1}.elementor-widget-heading .elementor-heading-title[class*=elementor-size-]>a{color:inherit;font-size:inherit;line-height:inherit}.elementor-widget-heading .elementor-heading-title.elementor-size-small{font-size:15px}.elementor-widget-heading .elementor-heading-title.elementor-size-medium{font-size:19px}.elementor-widget-heading .elementor-heading-title.elementor-size-large{font-size:29px}.elementor-widget-heading .elementor-heading-title.elementor-size-xl{font-size:39px}.elementor-widget-heading .elementor-heading-title.elementor-size-xxl{font-size:59px}<\/style><h2 class=\"elementor-heading-title elementor-size-default\">\nCoaching<\/h2>\t\t<\/div>\n\t\t\t\t<\/div>\n\t\t\t\t<div class=\"elementor-element elementor-element-2dae032 elementor-widget elementor-widget-text-editor\" data-id=\"2dae032\" data-element_type=\"widget\" data-widget_type=\"text-editor.default\">\n\t\t\t\t<div class=\"elementor-widget-container\">\n\t\t\t<style>\/*! elementor - v3.21.0 - 26-05-2024 *\/\n.elementor-widget-text-editor.elementor-drop-cap-view-stacked .elementor-drop-cap{background-color:#69727d;color:#fff}.elementor-widget-text-editor.elementor-drop-cap-view-framed .elementor-drop-cap{color:#69727d;border:3px solid;background-color:transparent}.elementor-widget-text-editor:not(.elementor-drop-cap-view-default) .elementor-drop-cap{margin-top:8px}.elementor-widget-text-editor:not(.elementor-drop-cap-view-default) .elementor-drop-cap-letter{width:1em;height:1em}.elementor-widget-text-editor .elementor-drop-cap{float:left;text-align:center;line-height:1;font-size:50px}.elementor-widget-text-editor .elementor-drop-cap-letter{display:inline-block}<\/style>\t\t\t\t<p>Nos services de coaching en entreprise offrent un soutien sur mesure pour aider les dirigeants et les \u00e9quipes \u00e0 d\u00e9velopper leurs comp\u00e9tences et leurs performances. Nous proposons un coaching individuel pour les cadres, un coaching d&#8217;\u00e9quipe ainsi qu&#8217;un coaching pour des d\u00e9fis professionnels sp\u00e9cifiques.  <\/p>\n\t\t\t\t\t\t<\/div>\n\t\t\t\t<\/div>\n\t\t\t\t<div class=\"elementor-element elementor-element-8a2c1ac elementor-align-center elementor-widget elementor-widget-button\" data-id=\"8a2c1ac\" data-element_type=\"widget\" data-widget_type=\"button.default\">\n\t\t\t\t<div class=\"elementor-widget-container\">\n\t\t\t\t\t<div class=\"elementor-button-wrapper\">\n\t\t\t<a class=\"elementor-button elementor-button-link elementor-size-md\" href=\"https:\/\/3s-consulting.org\/fr\/coaching-pour-les-particuliers\">\n\t\t\t\t\t\t<span class=\"elementor-button-content-wrapper\">\n\t\t\t\t\t\t\t\t\t<span class=\"elementor-button-text\">Coaching pour les particuliers<\/span>\n\t\t\t\t\t<\/span>\n\t\t\t\t\t<\/a>\n\t\t<\/div>\n\t\t\t\t<\/div>\n\t\t\t\t<\/div>\n\t\t\t\t<div class=\"elementor-element elementor-element-0fc75de elementor-widget elementor-widget-button\" data-id=\"0fc75de\" data-element_type=\"widget\" data-widget_type=\"button.default\">\n\t\t\t\t<div class=\"elementor-widget-container\">\n\t\t\t\t\t<div class=\"elementor-button-wrapper\">\n\t\t\t<a class=\"elementor-button elementor-button-link elementor-size-md\" href=\"https:\/\/3s-consulting.org\/fr\/coaching-pour-les-entreprises\">\n\t\t\t\t\t\t<span class=\"elementor-button-content-wrapper\">\n\t\t\t\t\t\t\t\t\t<span class=\"elementor-button-text\">Coaching pour les entreprises<\/span>\n\t\t\t\t\t<\/span>\n\t\t\t\t\t<\/a>\n\t\t<\/div>\n\t\t\t\t<\/div>\n\t\t\t\t<\/div>\n\t\t\t\t<\/div>\n\t\t\t\t\t<\/div>\n\t\t\t\t<\/div>\n\t\t\t\t<\/div>\n\t\t<div class=\"elementor-element elementor-element-750bd13 e-flex e-con-boxed e-con e-parent\" data-id=\"750bd13\" data-element_type=\"container\" data-settings=\"{&quot;background_background&quot;:&quot;classic&quot;}\">\n\t\t\t\t\t<div class=\"e-con-inner\">\n\t\t<div class=\"elementor-element elementor-element-5c333f1 e-con-full e-flex e-con e-child\" data-id=\"5c333f1\" data-element_type=\"container\">\n\t\t\t\t<div class=\"elementor-element elementor-element-499fd92 elementor-widget elementor-widget-image\" data-id=\"499fd92\" data-element_type=\"widget\" data-widget_type=\"image.default\">\n\t\t\t\t<div class=\"elementor-widget-container\">\n\t\t\t\t\t\t\t\t\t\t\t\t\t<img decoding=\"async\" width=\"667\" height=\"1000\" src=\"https:\/\/3s-consulting.org\/wp-content\/uploads\/2024\/03\/team.jpg\" class=\"attachment-large size-large wp-image-780\" alt=\"\" srcset=\"https:\/\/3s-consulting.org\/wp-content\/uploads\/2024\/03\/team.jpg 667w, https:\/\/3s-consulting.org\/wp-content\/uploads\/2024\/03\/team-600x900.jpg 600w, https:\/\/3s-consulting.org\/wp-content\/uploads\/2024\/03\/team-200x300.jpg 200w\" sizes=\"(max-width: 667px) 100vw, 667px\" \/>\t\t\t\t\t\t\t\t\t\t\t\t\t<\/div>\n\t\t\t\t<\/div>\n\t\t\t\t<\/div>\n\t\t<div class=\"elementor-element elementor-element-11f7327 e-con-full e-flex e-con e-child\" data-id=\"11f7327\" data-element_type=\"container\">\n\t\t\t\t<div class=\"elementor-element elementor-element-26a28af elementor-widget elementor-widget-heading\" data-id=\"26a28af\" data-element_type=\"widget\" data-widget_type=\"heading.default\">\n\t\t\t\t<div class=\"elementor-widget-container\">\n\t\t\t<h2 class=\"elementor-heading-title elementor-size-default\">\nDes coachs tri\u00e9s sur le volet, exp\u00e9riment\u00e9s et certifi\u00e9s<\/h2>\t\t<\/div>\n\t\t\t\t<\/div>\n\t\t\t\t<div class=\"elementor-element elementor-element-ddfec06 elementor-widget elementor-widget-text-editor\" data-id=\"ddfec06\" data-element_type=\"widget\" data-widget_type=\"text-editor.default\">\n\t\t\t\t<div class=\"elementor-widget-container\">\n\t\t\t\t\t\t\t<p>Nos coachs certifi\u00e9s travaillent en \u00e9troite collaboration avec vos employ\u00e9s afin d&#8217;identifier leurs points forts, de surmonter les obstacles et d&#8217;atteindre leurs objectifs. Nous combinons des m\u00e9thodes \u00e9prouv\u00e9es avec une approche personnalis\u00e9e afin de promouvoir un changement et une croissance durables.<\/p>\n<p>Notre objectif est de cr\u00e9er un environnement de soutien qui garantit ce qui suit :<\/p>\n\t\t\t\t\t\t<\/div>\n\t\t\t\t<\/div>\n\t\t\t\t<div class=\"elementor-element elementor-element-4a5e09d elementor-icon-list--layout-traditional elementor-list-item-link-full_width elementor-widget elementor-widget-icon-list\" data-id=\"4a5e09d\" data-element_type=\"widget\" data-widget_type=\"icon-list.default\">\n\t\t\t\t<div class=\"elementor-widget-container\">\n\t\t\t<link rel=\"stylesheet\" href=\"https:\/\/3s-consulting.org\/wp-content\/plugins\/elementor\/assets\/css\/widget-icon-list.min.css\">\t\t<ul class=\"elementor-icon-list-items\">\n\t\t\t\t\t\t\t<li class=\"elementor-icon-list-item\">\n\t\t\t\t\t\t\t\t\t\t\t<span class=\"elementor-icon-list-icon\">\n\t\t\t\t\t\t\t<svg aria-hidden=\"true\" class=\"e-font-icon-svg e-fas-bullseye\" viewBox=\"0 0 496 512\" xmlns=\"http:\/\/www.w3.org\/2000\/svg\"><path d=\"M248 8C111.03 8 0 119.03 0 256s111.03 248 248 248 248-111.03 248-248S384.97 8 248 8zm0 432c-101.69 0-184-82.29-184-184 0-101.69 82.29-184 184-184 101.69 0 184 82.29 184 184 0 101.69-82.29 184-184 184zm0-312c-70.69 0-128 57.31-128 128s57.31 128 128 128 128-57.31 128-128-57.31-128-128-128zm0 192c-35.29 0-64-28.71-64-64s28.71-64 64-64 64 28.71 64 64-28.71 64-64 64z\"><\/path><\/svg>\t\t\t\t\t\t<\/span>\n\t\t\t\t\t\t\t\t\t\t<span class=\"elementor-icon-list-text\">La promotion d'un climat de travail ouvert et inclusif aide les employ\u00e9s \u00e0 r\u00e9aliser leur plein potentiel et contribue ainsi au succ\u00e8s et \u00e0 la croissance de votre entreprise.<\/span>\n\t\t\t\t\t\t\t\t\t<\/li>\n\t\t\t\t\t\t\t\t<li class=\"elementor-icon-list-item\">\n\t\t\t\t\t\t\t\t\t\t\t<span class=\"elementor-icon-list-icon\">\n\t\t\t\t\t\t\t<svg aria-hidden=\"true\" class=\"e-font-icon-svg e-fas-bullseye\" viewBox=\"0 0 496 512\" xmlns=\"http:\/\/www.w3.org\/2000\/svg\"><path d=\"M248 8C111.03 8 0 119.03 0 256s111.03 248 248 248 248-111.03 248-248S384.97 8 248 8zm0 432c-101.69 0-184-82.29-184-184 0-101.69 82.29-184 184-184 101.69 0 184 82.29 184 184 0 101.69-82.29 184-184 184zm0-312c-70.69 0-128 57.31-128 128s57.31 128 128 128 128-57.31 128-128-57.31-128-128-128zm0 192c-35.29 0-64-28.71-64-64s28.71-64 64-64 64 28.71 64 64-28.71 64-64 64z\"><\/path><\/svg>\t\t\t\t\t\t<\/span>\n\t\t\t\t\t\t\t\t\t\t<span class=\"elementor-icon-list-text\">En proposant des programmes de formation et de d\u00e9veloppement individuels, les comp\u00e9tences personnelles et professionnelles sont renforc\u00e9es, ce qui favorise l'am\u00e9lioration continue et l'innovation au sein de l'entreprise.<\/span>\n\t\t\t\t\t\t\t\t\t<\/li>\n\t\t\t\t\t\t<\/ul>\n\t\t\t\t<\/div>\n\t\t\t\t<\/div>\n\t\t\t\t<div class=\"elementor-element elementor-element-6f037af elementor-align-left elementor-widget elementor-widget-button\" data-id=\"6f037af\" data-element_type=\"widget\" data-widget_type=\"button.default\">\n\t\t\t\t<div class=\"elementor-widget-container\">\n\t\t\t\t\t<div class=\"elementor-button-wrapper\">\n\t\t\t<a class=\"elementor-button elementor-button-link elementor-size-md\" href=\"https:\/\/3s-consulting.org\/fr\/nos-coachs\">\n\t\t\t\t\t\t<span class=\"elementor-button-content-wrapper\">\n\t\t\t\t\t\t\t\t\t<span class=\"elementor-button-text\">nos coachs<\/span>\n\t\t\t\t\t<\/span>\n\t\t\t\t\t<\/a>\n\t\t<\/div>\n\t\t\t\t<\/div>\n\t\t\t\t<\/div>\n\t\t\t\t<\/div>\n\t\t\t\t\t<\/div>\n\t\t\t\t<\/div>\n\t\t<div class=\"elementor-element elementor-element-d8ac638 e-flex e-con-boxed e-con e-parent\" data-id=\"d8ac638\" data-element_type=\"container\" data-settings=\"{&quot;background_background&quot;:&quot;classic&quot;}\">\n\t\t\t\t\t<div class=\"e-con-inner\">\n\t\t<div class=\"elementor-element elementor-element-cdfca67 e-con-full e-flex e-con e-child\" data-id=\"cdfca67\" data-element_type=\"container\">\n\t\t\t\t<div class=\"elementor-element elementor-element-3ad5d52 elementor-widget elementor-widget-heading\" data-id=\"3ad5d52\" data-element_type=\"widget\" data-widget_type=\"heading.default\">\n\t\t\t\t<div class=\"elementor-widget-container\">\n\t\t\t<h2 class=\"elementor-heading-title elementor-size-default\">D\u00e9roulement et prix<\/h2>\t\t<\/div>\n\t\t\t\t<\/div>\n\t\t\t\t<div class=\"elementor-element elementor-element-21e15f5 elementor-widget elementor-widget-text-editor\" data-id=\"21e15f5\" data-element_type=\"widget\" data-widget_type=\"text-editor.default\">\n\t\t\t\t<div class=\"elementor-widget-container\">\n\t\t\t\t\t\t\t<p>Nous aimons la transparence, la simplicit\u00e9 et la clart\u00e9. Nos tarifs \u00e0 l&#8217;heure vous offrent un soutien sur mesure, au moment o\u00f9 vous en avez besoin. Apprenez tout ce qu&#8217;il faut savoir sur le processus de r\u00e9servation pratique et consultez nos tarifs.<\/p>\n\t\t\t\t\t\t<\/div>\n\t\t\t\t<\/div>\n\t\t\t\t<div class=\"elementor-element elementor-element-9c66e07 elementor-align-left elementor-widget elementor-widget-button\" data-id=\"9c66e07\" data-element_type=\"widget\" data-widget_type=\"button.default\">\n\t\t\t\t<div class=\"elementor-widget-container\">\n\t\t\t\t\t<div class=\"elementor-button-wrapper\">\n\t\t\t<a class=\"elementor-button elementor-button-link elementor-size-md\" href=\"https:\/\/3s-consulting.org\/fr\/deroulement-et-prix\">\n\t\t\t\t\t\t<span class=\"elementor-button-content-wrapper\">\n\t\t\t\t\t\t\t\t\t<span class=\"elementor-button-text\">D\u00e9roulement et prix<\/span>\n\t\t\t\t\t<\/span>\n\t\t\t\t\t<\/a>\n\t\t<\/div>\n\t\t\t\t<\/div>\n\t\t\t\t<\/div>\n\t\t\t\t<\/div>\n\t\t<div class=\"elementor-element elementor-element-e8b2ee2 e-con-full e-flex e-con e-child\" data-id=\"e8b2ee2\" data-element_type=\"container\">\n\t\t\t\t<\/div>\n\t\t\t\t\t<\/div>\n\t\t\t\t<\/div>\n\t\t\t\t<\/div>\n\t\t","protected":false},"excerpt":{"rendered":"<p>Coaching Nos services de coaching en entreprise offrent un soutien sur mesure pour aider les dirigeants et les \u00e9quipes \u00e0 d\u00e9velopper leurs comp\u00e9tences et leurs performances. Nous proposons un coaching individuel pour les cadres, un coaching d&#8217;\u00e9quipe ainsi qu&#8217;un coaching pour des d\u00e9fis professionnels sp\u00e9cifiques. Coaching pour les particuliers Coaching pour les entreprises Des coachs [&hellip;]<\/p>\n","protected":false},"author":1,"featured_media":0,"parent":0,"menu_order":0,"comment_status":"closed","ping_status":"closed","template":"","meta":{"_acf_changed":false,"footnotes":""},"class_list":["post-2304","page","type-page","status-publish","hentry"],"acf":[],"_links":{"self":[{"href":"https:\/\/3s-consulting.org\/fr\/wp-json\/wp\/v2\/pages\/2304","targetHints":{"allow":["GET"]}}],"collection":[{"href":"https:\/\/3s-consulting.org\/fr\/wp-json\/wp\/v2\/pages"}],"about":[{"href":"https:\/\/3s-consulting.org\/fr\/wp-json\/wp\/v2\/types\/page"}],"author":[{"embeddable":true,"href":"https:\/\/3s-consulting.org\/fr\/wp-json\/wp\/v2\/users\/1"}],"replies":[{"embeddable":true,"href":"https:\/\/3s-consulting.org\/fr\/wp-json\/wp\/v2\/comments?post=2304"}],"version-history":[{"count":3,"href":"https:\/\/3s-consulting.org\/fr\/wp-json\/wp\/v2\/pages\/2304\/revisions"}],"predecessor-version":[{"id":2904,"href":"https:\/\/3s-consulting.org\/fr\/wp-json\/wp\/v2\/pages\/2304\/revisions\/2904"}],"wp:attachment":[{"href":"https:\/\/3s-consulting.org\/fr\/wp-json\/wp\/v2\/media?parent=2304"}],"curies":[{"name":"wp","href":"https:\/\/api.w.org\/{rel}","templated":true}]}}